{"id":638,"date":"2021-11-14T11:46:04","date_gmt":"2021-11-14T14:46:04","guid":{"rendered":"https:\/\/coracaopalpita.com.br\/loja\/?post_type=product&#038;p=638"},"modified":"2025-06-24T18:09:24","modified_gmt":"2025-06-24T21:09:24","slug":"combo-era-uma-vez-livro-jogo","status":"publish","type":"product","link":"https:\/\/coracaopalpita.com.br\/loja\/produto\/combo-era-uma-vez-livro-jogo\/","title":{"rendered":"Combo &#8220;Era uma Vez&#8221; Livro-Jogo &#8211; \u00faltima oportunidade"},"content":{"rendered":"<p><strong>Era Uma Vez &#8211; \u00c9 uma obra que permite ao leitor intera\u00e7\u00e3o com a hist\u00f3ria<\/strong>. Possibilita a intera\u00e7\u00e3o entre pares, como tamb\u00e9m entre toda a fam\u00edlia, com amigos na escola, entre outros espa\u00e7os. Proporciona aos jogadores divers\u00e3o e entretenimento de \u00f3tima qualidade pedag\u00f3gica e social.<\/p>\n<p><strong>Como se usa?<\/strong><\/p>\n<p>O livro-jogo \u00e9 composto por 54 cartas.<\/p>\n<p>Essas cartas devem ser retiradas aleatoriamente, sem escolha, e o enredo narrado conforme o que for tirado, ou seja, o participante deve amarrar os acontecimentos, personagens, sentimentos de acordo com a sorte, dando coer\u00eancia e sentido \u00e0 hist\u00f3ria.<\/p>\n<p><strong>O que estimula na inf\u00e2ncia?<\/strong><\/p>\n<p>A criatividade, organiza\u00e7\u00e3o do pensamento, pronuncia, amplia\u00e7\u00e3o do vocabul\u00e1rio, ludicidade, desinibi\u00e7\u00e3o, socializa\u00e7\u00e3o, e muita divers\u00e3o.<\/p>\n<p><strong>Qual a import\u00e2ncia da intera\u00e7\u00e3o de pais com as crian\u00e7as?<\/strong><\/p>\n<p>Momentos de intera\u00e7\u00e3o entre pais e filhos se mostra de suma import\u00e2ncia para a constru\u00e7\u00e3o s\u00f3cio emocional das crian\u00e7as. Oferece a todos momentos de alegria e descontra\u00e7\u00e3o atrelado a um contexto favor\u00e1vel para a aprendizagem.<\/p>\n<p><strong>Adultos tamb\u00e9m podem jogar?<\/strong><\/p>\n<p>O livro \u00e9 para qualquer faixa et\u00e1ria, podendo variar o n\u00edvel de complexidade conforme o n\u00fameros e tipos de cartas inseridas no momento do jogo. Para imagina\u00e7\u00e3o n\u00e3o h\u00e1 limites e nesse jogo a constru\u00e7\u00e3o das hist\u00f3rias tamb\u00e9m n\u00e3o.<\/p>\n<p><strong>Conhe\u00e7a nossos fam\u00edlia de baralhinhos<br \/>\n<\/strong><br \/>\nAmarelo (modo fazenda e castelo)<br \/>\nAzul (modo dinossauro e fundo do Mar)<br \/>\nVerde (modo fam\u00edlia e cotidiano)<\/p>\n<p><strong>Os baralhos se misturam?<br \/>\nSim! A parte de tr\u00e1s de todos os baralhos \u00e9 amarela, o que os diferencia s\u00e3o os \u00edcones de temas que ficam da cor da caixinha do baralho ao lado das ilustra\u00e7\u00f5es!!! Assim quem tiver 2 ou 3 baralhos diferentes vai poder mistur\u00e1-los em uma s\u00f3 hist\u00f3ria ou jogo&#8230;. <\/strong><\/p>\n<p>&nbsp;<\/p>\n<p>&nbsp;<\/p>\n","protected":false},"excerpt":{"rendered":"<p><strong>Combo Criativo<\/strong><\/p>\n<p>Que tal desenvolver a criatividade do seu <strong>palpitinha<\/strong> com uma brincadeira l\u00fadica e\u00a0 divertida que serve para toda fam\u00edlia ficar junto!<\/p>\n<p><strong>Era uma vez&#8230;<\/strong><br \/>\n&#8230; Um baralho contador de hist\u00f3rias que consegue transformar todos em mestres criadores.<\/p>\n<p>Voc\u00ea pode levar esta poderosa ferramenta numa super promo\u00e7\u00e3o especial + Frete gr\u00e1tis para todo o Brasil<br \/>\nBora criar!<\/p>\n<p>Era uma vez \u00e9 um livro-jogo ilustrado em formato de baralho criado pelo Cora\u00e7\u00e3o Palpita para estimular a criatividade, intera\u00e7\u00e3o, a fala, a express\u00e3o de sentimentos e emo\u00e7\u00f5es, e muito mais. Com ele voc\u00ea \u00e9 que cria as hist\u00f3rias inspirado pelas cartas. Tenha momentos de alegria inesquec\u00edveis criando e contando hist\u00f3rias com seus filhos e amigos! &#8220;Era uma vez&#8221; contem 55 cartas ilustradas e 2 temas para voc\u00ea explorar e criar.<\/p>\n<p><a href=\"https:\/\/bit.ly\/ebbok-eraumavez\" target=\"_blank\" rel=\"noopener\"><img loading=\"lazy\" decoding=\"async\" class=\"alignnone wp-image-854 size-thumbnail\" src=\"https:\/\/coracaopalpita.com.br\/loja\/wp-content\/uploads\/2021\/11\/manual_euv_baixar-150x150.png\" alt=\"\" width=\"150\" height=\"150\" srcset=\"https:\/\/coracaopalpita.com.br\/loja\/wp-content\/uploads\/2021\/11\/manual_euv_baixar-150x150.png 150w, https:\/\/coracaopalpita.com.br\/loja\/wp-content\/uploads\/2021\/11\/manual_euv_baixar-300x299.png 300w, https:\/\/coracaopalpita.com.br\/loja\/wp-content\/uploads\/2021\/11\/manual_euv_baixar-100x100.png 100w, https:\/\/coracaopalpita.com.br\/loja\/wp-content\/uploads\/2021\/11\/manual_euv_baixar.png 410w\" sizes=\"auto, (max-width: 150px) 100vw, 150px\" \/><\/a><\/p>\n<p>Leve o Kit com nossos 3 modelos<\/p>\n<ol>\n<li><strong>Baralho Amarelo &#8211; Castelo e Fazenda<\/strong><\/li>\n<li><strong>Baralho Azul &#8211; Dinossauro e Fundo o Mar<\/strong><\/li>\n<li><strong>Baralho verde &#8211; Fam\u00edlia e Cotidiano<\/strong><\/li>\n<\/ol>\n","protected":false},"featured_media":1090,"comment_status":"open","ping_status":"closed","template":"","meta":[],"product_cat":[36],"product_tag":[37,38,40,39],"class_list":{"0":"post-638","1":"product","2":"type-product","3":"status-publish","4":"has-post-thumbnail","6":"product_cat-livro-jogo","7":"product_tag-baralho","8":"product_tag-cotacaodehistorias","9":"product_tag-criatividade","10":"product_tag-diversao","12":"first","13":"outofstock","14":"taxable","15":"shipping-taxable","16":"purchasable","17":"product-type-simple"},"_links":{"self":[{"href":"https:\/\/coracaopalpita.com.br\/loja\/wp-json\/wp\/v2\/product\/638","targetHints":{"allow":["GET"]}}],"collection":[{"href":"https:\/\/coracaopalpita.com.br\/loja\/wp-json\/wp\/v2\/product"}],"about":[{"href":"https:\/\/coracaopalpita.com.br\/loja\/wp-json\/wp\/v2\/types\/product"}],"replies":[{"embeddable":true,"href":"https:\/\/coracaopalpita.com.br\/loja\/wp-json\/wp\/v2\/comments?post=638"}],"wp:featuredmedia":[{"embeddable":true,"href":"https:\/\/coracaopalpita.com.br\/loja\/wp-json\/wp\/v2\/media\/1090"}],"wp:attachment":[{"href":"https:\/\/coracaopalpita.com.br\/loja\/wp-json\/wp\/v2\/media?parent=638"}],"wp:term":[{"taxonomy":"product_cat","embeddable":true,"href":"https:\/\/coracaopalpita.com.br\/loja\/wp-json\/wp\/v2\/product_cat?post=638"},{"taxonomy":"product_tag","embeddable":true,"href":"https:\/\/coracaopalpita.com.br\/loja\/wp-json\/wp\/v2\/product_tag?post=638"}],"curies":[{"name":"wp","href":"https:\/\/api.w.org\/{rel}","templated":true}]}}