{"id":3,"date":"2020-03-10T21:16:55","date_gmt":"2020-03-10T21:16:55","guid":{"rendered":"https:\/\/demo.creativethemes.com\/blocksy\/modern-shop\/?page_id=3"},"modified":"2021-11-13T15:10:58","modified_gmt":"2021-11-13T18:10:58","slug":"privacy-policy","status":"publish","type":"page","link":"https:\/\/coracaopalpita.com.br\/loja\/privacy-policy\/","title":{"rendered":"Pol\u00edtica de privacidade"},"content":{"rendered":"\t\t<div data-elementor-type=\"wp-page\" data-elementor-id=\"3\" class=\"elementor elementor-3\" data-elementor-settings=\"[]\">\n\t\t\t\t\t\t<div class=\"elementor-inner\">\n\t\t\t\t\t\t\t<div class=\"elementor-section-wrap\">\n\t\t\t\t\t\t\t<section class=\"elementor-section elementor-top-section elementor-element elementor-element-163ec510 elementor-section-boxed elementor-section-height-default elementor-section-height-default\" data-id=\"163ec510\" data-element_type=\"section\">\n\t\t\t\t\t\t<div class=\"elementor-container elementor-column-gap-default\">\n\t\t\t\t\t\t\t<div class=\"elementor-row\">\n\t\t\t\t\t<div class=\"elementor-column elementor-col-100 elementor-top-column elementor-element elementor-element-1fc57919\" data-id=\"1fc57919\" data-element_type=\"column\">\n\t\t\t<div class=\"elementor-column-wrap elementor-element-populated\">\n\t\t\t\t\t\t\t<div class=\"elementor-widget-wrap\">\n\t\t\t\t\t\t<div class=\"elementor-element elementor-element-20519683 elementor-widget elementor-widget-text-editor\" data-id=\"20519683\" data-element_type=\"widget\" data-widget_type=\"text-editor.default\">\n\t\t\t\t<div class=\"elementor-widget-container\">\n\t\t\t\t\t\t\t\t<div class=\"elementor-text-editor elementor-clearfix\">\n\t\t\t\t<!-- wp:paragraph -->\n<p><strong>1. TERMOS DE USO<\/strong><br \/>1.1. <strong>Copyright<\/strong><br \/>O conte\u00fado integral deste site, incluindo, textos, gr\u00e1ficos, imagens, sons e quaisquer outras informa\u00e7\u00f5es, \u00e9 propriedade da Cora\u00e7\u00e3o Palpita que det\u00e9m os direitos de autor sobre o mesmo. A prote\u00e7\u00e3o dos direitos de autor do mencionado conte\u00fado estende-se a todas as reprodu\u00e7\u00f5es ou c\u00f3pias, obtidas a partir deste site. Nenhum conte\u00fado pode ser modificado, transmitido, reproduzido, publicado, licenciado, transferido ou vendido sem o consentimento pr\u00e9vio, por escrito, do seu titular.<br \/>1.2. <strong>Corre\u00e7\u00f5es<\/strong><br \/>As informa\u00e7\u00f5es dispon\u00edveis no site podem, eventualmente, conter erros de natureza tipogr\u00e1fica, incorre\u00e7\u00f5es ou omiss\u00f5es relacionados a descri\u00e7\u00e3o dos produtos, pre\u00e7os e disponibilidade. Respeitando os direitos do consumidor e a sua pol\u00edtica de relacionamento com o cliente, reserva-se \u00e0 Loja Cora\u00e7\u00e3o Palpita o direito de promover a corre\u00e7\u00e3o destes eventuais erros e omiss\u00f5es a qualquer momento e sem comunica\u00e7\u00e3o pr\u00e9via. Consequentemente, a Loja Cora\u00e7\u00e3o Palpita n\u00e3o garante que as informa\u00e7\u00f5es obtidas atrav\u00e9s deste site sejam, a todo o tempo, exatas, completas e mesmo atualizadas.<br \/>1.3. <strong>Produtos<\/strong><br \/>A Loja Cora\u00e7\u00e3o Palpita n\u00e3o se obriga a possuir, em todos os seus canais de venda (lojas, cat\u00e1logos e venda on-line), todos os itens de sua linha, de forma que alguns produtos dispon\u00edveis nos cat\u00e1logos e\/ou nas lojas podem n\u00e3o estar necessariamente dispon\u00edveis para compras online e vice-versa.<br \/>O cliente dever\u00e1 sempre certificar-se da disponibilidade do produto para aquisi\u00e7\u00e3o online. A Loja Cora\u00e7\u00e3o Palpita poder\u00e1 divulgar produtos neste site, em car\u00e1ter meramente ilustrativo, n\u00e3o os disponibilizando para a venda.<br \/>Os pre\u00e7os dos produtos oferecidos pela Loja Cora\u00e7\u00e3o Palpita neste site est\u00e3o expressos em reais e s\u00e3o v\u00e1lidos somente para aquisi\u00e7\u00f5es em territ\u00f3rio nacional.<br \/>Os pre\u00e7os do produtos dispon\u00edveis para venda no site www.coracaopalpita.com.br podem sofrer varia\u00e7\u00f5es a qualquer tempo. O pre\u00e7o informado \u00e9 v\u00e1lido apenas para compra no momento em que o produto \u00e9 exibido, e desde que o produto esteja dispon\u00edvel em estoque ou no fornecedor. A Loja Cora\u00e7\u00e3o Palpita poder\u00e1 alterar o pre\u00e7o a qualquer momento.<br \/>Nos casos de produtos vendidos por terceiros que n\u00e3o o site www.coracaopalpita.com.br, os pre\u00e7os ser\u00e3o determinados pelos terceiros, e qualquer questionamento em rela\u00e7\u00e3o aos pre\u00e7os dispostos dever\u00e1 ser feito diretamente a tais terceiros.<br \/>A conclus\u00e3o da transa\u00e7\u00e3o estar\u00e1 sempre sujeita \u00e0 disponibilidade do produto em nossos estoques ou no fornecedor e \u00e0 an\u00e1lise de cr\u00e9dito e aprova\u00e7\u00e3o\/identifica\u00e7\u00e3o do pagamento.<br \/>2. <strong>COMUNICA\u00c7\u00d5ES ELETR\u00d4NICAS<\/strong><br \/>Ao efetuar compras ou utilizar qualquer dos Servi\u00e7os no site www.coracaopalpita.com.br, ou ao nos enviar e-mails, mensagens de texto (SMS), ou outros tipos de comunica\u00e7\u00e3o a partir de qualquer aparelho eletr\u00f4nico, voc\u00ea estar\u00e1 se comunicando eletronicamente conosco. Voc\u00ea nos autoriza a enviar-lhe comunica\u00e7\u00f5es eletr\u00f4nicas por v\u00e1rios meios, tais quais e-mail, mensagens de texto (SMS), mensagens \u201cpush\u201d em aplicativos, ou ao postar informa\u00e7\u00f5es neste website.<br \/>Voc\u00ea concorda que quaisquer contratos, notifica\u00e7\u00f5es, mensagens, divulga\u00e7\u00f5es e demais comunica\u00e7\u00f5es entregues a voc\u00ea eletronicamente satisfazem todas as exig\u00eancias legais de que tal comunica\u00e7\u00e3o seja feita por escrito.<br \/>3. <strong>SEGURAN\u00c7A E PRIVACIDADE<\/strong><br \/>A Loja Cora\u00e7\u00e3o Palpita tem um compromisso com voc\u00ea no que diz respeito \u00e0 seguran\u00e7a e privacidade de dados. O respeito ao cliente e ao sigilo de suas informa\u00e7\u00f5es s\u00e3o muito importantes para n\u00f3s. Por isso, tenha certeza que a sua experi\u00eancia de compra na Loja Cora\u00e7\u00e3o Palpita \u00e9 totalmente segura e os dados informados criptografados.<br \/>3. 1. <strong>Criptografia<\/strong><br \/>Todos os dados informados para Loja Cora\u00e7\u00e3o Palpita durante o processo de compra s\u00e3o automaticamente criptografados antes de serem transmitidos.<br \/>3.2. <strong>Compras com Cart\u00e3o de Cr\u00e9dito<\/strong><br \/>Os dados do seu cart\u00e3o de cr\u00e9dito s\u00e3o transmitidos diretamente para a operadora. \u00c9 importante ressaltar que Loja Cora\u00e7\u00e3o Palpita n\u00e3o armazena em seus arquivos nenhum registro dos dados de cart\u00e3o do cliente.<br \/>3.3. <strong>Identifica\u00e7\u00e3o e Senha<\/strong><br \/>Com a fun\u00e7\u00e3o de facilitar a sua pr\u00f3xima compra, os dados cadastrais da sua primeira visita ficam armazenados para que voc\u00ea n\u00e3o precise digit\u00e1-los novamente. \u00c9 importante ressaltar que esses dados s\u00e3o armazenados apenas para facilitar futuras compras e n\u00e3o s\u00e3o divulgados, vendidos ou disponibilizados para terceiros, exceto em estrito cumprimento de ordens judiciais. Os dados pessoais poder\u00e3o ser usados para elabora\u00e7\u00e3o de informa\u00e7\u00f5es estat\u00edsticas, sem identifica\u00e7\u00e3o nominativa do consumidor. Os dados de cart\u00e3o de cr\u00e9dito e outras informa\u00e7\u00f5es de pagamento n\u00e3o s\u00e3o armazenadas, conforme informado anteriormente no item 3.1 desse termo de uso e seguran\u00e7a.<\/p>\n<!-- \/wp:paragraph -->\t\t\t\t\t<\/div>\n\t\t\t\t\t\t<\/div>\n\t\t\t\t<\/div>\n\t\t\t\t\t\t<\/div>\n\t\t\t\t\t<\/div>\n\t\t<\/div>\n\t\t\t\t\t\t\t\t<\/div>\n\t\t\t\t\t<\/div>\n\t\t<\/section>\n\t\t\t\t\t\t<\/div>\n\t\t\t\t\t\t<\/div>\n\t\t\t\t\t<\/div>\n\t\t","protected":false},"excerpt":{"rendered":"<p>1. TERMOS DE USO1.1. CopyrightO conte\u00fado integral deste site, incluindo, textos, gr\u00e1ficos, imagens, sons e quaisquer outras informa\u00e7\u00f5es, \u00e9 propriedade da Cora\u00e7\u00e3o Palpita que det\u00e9m os direitos de autor sobre o mesmo. A prote\u00e7\u00e3o dos direitos de autor do mencionado conte\u00fado estende-se a todas as reprodu\u00e7\u00f5es ou c\u00f3pias, obtidas a partir deste site. Nenhum conte\u00fado [&hellip;]<\/p>\n","protected":false},"author":1,"featured_media":0,"parent":0,"menu_order":0,"comment_status":"closed","ping_status":"open","template":"","meta":{"footnotes":""},"class_list":["post-3","page","type-page","status-publish","hentry"],"blocksy_meta":{"styles_descriptor":{"styles":{"desktop":"","tablet":"","mobile":""},"google_fonts":[],"version":6}},"_links":{"self":[{"href":"https:\/\/coracaopalpita.com.br\/loja\/wp-json\/wp\/v2\/pages\/3","targetHints":{"allow":["GET"]}}],"collection":[{"href":"https:\/\/coracaopalpita.com.br\/loja\/wp-json\/wp\/v2\/pages"}],"about":[{"href":"https:\/\/coracaopalpita.com.br\/loja\/wp-json\/wp\/v2\/types\/page"}],"author":[{"embeddable":true,"href":"https:\/\/coracaopalpita.com.br\/loja\/wp-json\/wp\/v2\/users\/1"}],"replies":[{"embeddable":true,"href":"https:\/\/coracaopalpita.com.br\/loja\/wp-json\/wp\/v2\/comments?post=3"}],"version-history":[{"count":4,"href":"https:\/\/coracaopalpita.com.br\/loja\/wp-json\/wp\/v2\/pages\/3\/revisions"}],"predecessor-version":[{"id":589,"href":"https:\/\/coracaopalpita.com.br\/loja\/wp-json\/wp\/v2\/pages\/3\/revisions\/589"}],"wp:attachment":[{"href":"https:\/\/coracaopalpita.com.br\/loja\/wp-json\/wp\/v2\/media?parent=3"}],"curies":[{"name":"wp","href":"https:\/\/api.w.org\/{rel}","templated":true}]}}